{"id":1301,"date":"2016-02-26T12:10:40","date_gmt":"2016-02-26T17:10:40","guid":{"rendered":"https:\/\/marioblais.com\/form\/?page_id=1301"},"modified":"2017-03-18T10:49:23","modified_gmt":"2017-03-18T15:49:23","slug":"macos-ios-sutton-choisir-activite","status":"publish","type":"page","link":"https:\/\/marioblais.com\/en\/macos-ios-sutton-choisir-activite\/","title":{"rendered":"Sutton : Choose the Mac or Mobile workshop"},"content":{"rendered":"<p>&nbsp;<\/p>\n<p>Pour les gens de la r\u00e9gion de Sutton, nous pr\u00e9parons deux journ\u00e9es bien sp\u00e9ciales de formation sur les produits Apple, Mac et mobiles. \u00a0Faites le difficile choix ci-bas.<\/p>\n<p>&nbsp;<\/p>\n<table>\n<tbody>\n<tr>\n<td style=\"text-align: center;\">\n<h2><span class=\"ez-toc-section\" id=\"macOS_tout_Mac\"><\/span><span style=\"color: #72bfcf;\">macOS (tout Mac)<\/span><span class=\"ez-toc-section-end\"><\/span><\/h2><div id=\"ez-toc-container\" class=\"ez-toc-v2_0_73 counter-hierarchy ez-toc-counter ez-toc-grey ez-toc-container-direction\">\n<div class=\"ez-toc-title-container\">\n<p class=\"ez-toc-title\" style=\"cursor:inherit\"><\/p>\n<span class=\"ez-toc-title-toggle\"><a href=\"#\" class=\"ez-toc-pull-right ez-toc-btn ez-toc-btn-xs ez-toc-btn-default ez-toc-toggle\" aria-label=\"Toggle Table of Content\"><span class=\"ez-toc-js-icon-con\"><span class=\"\"><span class=\"eztoc-hide\" style=\"display:none;\">Toggle<\/span><span class=\"ez-toc-icon-toggle-span\"><svg style=\"fill: #999;color:#999\" xmlns=\"http:\/\/www.w3.org\/2000\/svg\" class=\"list-377408\" width=\"20px\" height=\"20px\" viewBox=\"0 0 24 24\" fill=\"none\"><path d=\"M6 6H4v2h2V6zm14 0H8v2h12V6zM4 11h2v2H4v-2zm16 0H8v2h12v-2zM4 16h2v2H4v-2zm16 0H8v2h12v-2z\" fill=\"currentColor\"><\/path><\/svg><svg style=\"fill: #999;color:#999\" class=\"arrow-unsorted-368013\" xmlns=\"http:\/\/www.w3.org\/2000\/svg\" width=\"10px\" height=\"10px\" viewBox=\"0 0 24 24\" version=\"1.2\" baseProfile=\"tiny\"><path d=\"M18.2 9.3l-6.2-6.3-6.2 6.3c-.2.2-.3.4-.3.7s.1.5.3.7c.2.2.4.3.7.3h11c.3 0 .5-.1.7-.3.2-.2.3-.5.3-.7s-.1-.5-.3-.7zM5.8 14.7l6.2 6.3 6.2-6.3c.2-.2.3-.5.3-.7s-.1-.5-.3-.7c-.2-.2-.4-.3-.7-.3h-11c-.3 0-.5.1-.7.3-.2.2-.3.5-.3.7s.1.5.3.7z\"\/><\/svg><\/span><\/span><\/span><\/a><\/span><\/div>\n<nav><ul class='ez-toc-list ez-toc-list-level-1 ' ><li class='ez-toc-page-1 ez-toc-heading-level-2'><a class=\"ez-toc-link ez-toc-heading-1\" href=\"https:\/\/marioblais.com\/en\/macos-ios-sutton-choisir-activite\/#macOS_tout_Mac\" title=\"macOS (tout Mac)\">macOS (tout Mac)<\/a><\/li><li class='ez-toc-page-1 ez-toc-heading-level-2'><a class=\"ez-toc-link ez-toc-heading-2\" href=\"https:\/\/marioblais.com\/en\/macos-ios-sutton-choisir-activite\/#iOS_iPadiPhone\" title=\"iOS\u00a0(iPad\/iPhone)\">iOS\u00a0(iPad\/iPhone)<\/a><\/li><\/ul><\/nav><\/div>\n\n<p>1 journ\u00e9e<\/td>\n<td style=\"text-align: center;\"><\/td>\n<td style=\"text-align: center;\">\n<h2><span class=\"ez-toc-section\" id=\"iOS_iPadiPhone\"><\/span><span style=\"color: #dbad67;\">iOS\u00a0(iPad\/iPhone)<\/span><span class=\"ez-toc-section-end\"><\/span><\/h2>\n<p>1\/2 journ\u00e9e<\/td>\n<\/tr>\n<tr>\n<td><a href=\"https:\/\/marioblais.com\/form\/?page_id=1278\" rel=\"attachment wp-att-1302\"><img loading=\"lazy\" decoding=\"async\" class=\"size-medium wp-image-1302 aligncenter\" src=\"https:\/\/marioblais.com\/form\/wp-content\/uploads\/2016\/02\/macs-300x158.png\" alt=\"macs\" width=\"300\" height=\"158\" srcset=\"https:\/\/marioblais.com\/form\/wp-content\/uploads\/2016\/02\/macs-300x158.png 300w, https:\/\/marioblais.com\/form\/wp-content\/uploads\/2016\/02\/macs.png 570w\" sizes=\"auto, (max-width: 300px) 100vw, 300px\" \/><\/a><\/td>\n<td style=\"text-align: center; vertical-align: middle;\">&lt;- On clique&#8230;\u00a0-&gt;<\/td>\n<td><a href=\"https:\/\/marioblais.com\/form\/?page_id=1308\" rel=\"attachment wp-att-1303\"><img loading=\"lazy\" decoding=\"async\" class=\"aligncenter wp-image-1303\" src=\"https:\/\/marioblais.com\/form\/wp-content\/uploads\/2016\/02\/ipad-248x300.png\" alt=\"ipad\" width=\"180\" height=\"217\" srcset=\"https:\/\/marioblais.com\/form\/wp-content\/uploads\/2016\/02\/ipad-248x300.png 248w, https:\/\/marioblais.com\/form\/wp-content\/uploads\/2016\/02\/ipad.png 317w\" sizes=\"auto, (max-width: 180px) 100vw, 180px\" \/><\/a><\/td>\n<\/tr>\n<\/tbody>\n<\/table>\n<p><\/p>","protected":false},"excerpt":{"rendered":"<p>&nbsp; Pour les gens de la r\u00e9gion de Sutton, nous pr\u00e9parons deux journ\u00e9es bien sp\u00e9ciales de formation sur les produits Apple, Mac et mobiles. \u00a0Faites le difficile choix ci-bas. &nbsp; <a class=\"more-link\" href=\"https:\/\/marioblais.com\/en\/macos-ios-sutton-choisir-activite\/\"><\/a><\/p>\n","protected":false},"author":1,"featured_media":0,"parent":0,"menu_order":0,"comment_status":"closed","ping_status":"closed","template":"","meta":{"jetpack_post_was_ever_published":false,"footnotes":""},"class_list":["post-1301","page","type-page","status-publish","hentry"],"jetpack_sharing_enabled":true,"jetpack_shortlink":"https:\/\/wp.me\/P5zGRi-kZ","_links":{"self":[{"href":"https:\/\/marioblais.com\/en\/wp-json\/wp\/v2\/pages\/1301","targetHints":{"allow":["GET"]}}],"collection":[{"href":"https:\/\/marioblais.com\/en\/wp-json\/wp\/v2\/pages"}],"about":[{"href":"https:\/\/marioblais.com\/en\/wp-json\/wp\/v2\/types\/page"}],"author":[{"embeddable":true,"href":"https:\/\/marioblais.com\/en\/wp-json\/wp\/v2\/users\/1"}],"replies":[{"embeddable":true,"href":"https:\/\/marioblais.com\/en\/wp-json\/wp\/v2\/comments?post=1301"}],"version-history":[{"count":20,"href":"https:\/\/marioblais.com\/en\/wp-json\/wp\/v2\/pages\/1301\/revisions"}],"predecessor-version":[{"id":2738,"href":"https:\/\/marioblais.com\/en\/wp-json\/wp\/v2\/pages\/1301\/revisions\/2738"}],"wp:attachment":[{"href":"https:\/\/marioblais.com\/en\/wp-json\/wp\/v2\/media?parent=1301"}],"curies":[{"name":"wp","href":"https:\/\/api.w.org\/{rel}","templated":true}]}}