{"id":15,"date":"2014-12-10T09:55:09","date_gmt":"2014-12-10T14:55:09","guid":{"rendered":"https:\/\/marioblais.com\/form\/?page_id=15"},"modified":"2024-06-24T05:22:57","modified_gmt":"2024-06-24T10:22:57","slug":"ma-premiere-page-par-un-article","status":"publish","type":"page","link":"https:\/\/marioblais.com\/en\/","title":{"rendered":"Your grasping of Apple&#8217;s macOS \u2014 my commitment"},"content":{"rendered":"<p><\/p>\n<div id=\"id5\">\n<p style=\"text-align: center;\"><em>\n<table id=\"tablepress-6-no-2\" class=\"tablepress tablepress-id-6\">\n<tbody>\n<tr class=\"row-1\">\n\t<td class=\"column-1\"><a href=\"https:\/\/marioblais.com\/macos\"><href=\"https:\/\/marioblais.com\/form\/wp-content\/uploads\/2016\/12\/macPIC.jpg\" rel=\"attachment wp-att-2004\"><img loading=\"lazy\" decoding=\"async\" src=\"https:\/\/marioblais.com\/form\/wp-content\/uploads\/2016\/12\/macPIC.jpg\" alt=\"macpic\" width=\"300\" height=\"152\" class=\"aligncenter size-medium wp-image-2004\" \/><\/a><\/td><td class=\"column-2\"><\/td><td class=\"column-3\"><a href=\"https:\/\/marioblais.com\/ios\/\"><href=\"https:\/\/marioblais.com\/form\/wp-content\/uploads\/2016\/12\/mobPIC.jpg\" rel=\"attachment wp-att-2003\"><img loading=\"lazy\" decoding=\"async\" src=\"https:\/\/marioblais.com\/form\/wp-content\/uploads\/2016\/12\/mobPIC.jpg\" alt=\"mobpic\" width=\"300\" height=\"152\" class=\"aligncenter size-medium wp-image-2003\" \/><\/a><\/td>\n<\/tr>\n<\/tbody>\n<\/table>\n<\/em><\/p>\n<h1>Your grasping of Apple&#8217;s systems\u00a0\u2014 my commitment<\/h1>\n<p>Unforgettable quality training at justifiable cost! \u00a0Whether you&#8217;re tech\u00a0support, analyst, sales rep, admin staff, creative or teacher, we will work together during these memorable workshops to\u00a0learn most of macOS and iOS troubleshooting techniques and system maintenance, or to boost\u00a0your office productivity.\u00a0 Hit the <strong>Mac<\/strong> or <strong>Mobiles<\/strong> buttons above to see my complete list of workshops.<\/p>\n<p style=\"text-align: center;\"><a href=\"https:\/\/marioblais.com\/quiz\">Test your Mac knowledge, for users or tech support<\/a><\/p>\n<p>Perfectly bilingual, Apple Certified Trainer since 2005, and also Emploi Qu\u00e9bec (CPMT) certified teacher. \u00a0I keep my knowledge, skills and certifications up to date to provide students with\u00a0<strong>the\u00a0best possible training experience<\/strong>\u00a0\u2014 that&#8217;s my commitment. \u00a0If that 2100$ \/3 days webinar-type training is not your cup of tea, I will travel to your offices to deliver that much needed training. \u00a0Short on\u00a0hardware? \u00a0I will\u00a0rent laptops or\u00a0a modern Mac lab at <a href=\"https:\/\/goo.gl\/maps\/z2C73P2oev72\"><strong>INIS<\/strong><\/a>\u00a0with easy access via\u00a0Berri-UQAM metro!<\/p>\n<p>For official Apple Certified classes, onsite or virtual, you must <a href=\"https:\/\/www.learnquest.com\/course-detail-v3.aspx?cnum=APL-MAC101-113-CA\">contact LearnQuest directly<\/a>.<\/p>\n<\/div>\n<p>And for those in Mac technical distress, I also offer remote helpdesk\u00a0troubleshooting and resolve services. \u00a0Can&#8217;t wait to work with you or your team!<\/p>\n<hr \/>\n<p><br><strong><a title=\"Send an email\" href=\"mailto:marioblais@me.com?subject=macOS and iOS workshops - More information please\">Mario Blais<\/a><img loading=\"lazy\" decoding=\"async\" class=\"alignright wp-image-51\" src=\"https:\/\/marioblais.com\/form\/wp-content\/uploads\/2014\/12\/Cert_Trainer_Blk_1ln.png\" alt=\"Cert_Trainer_Blk_1ln\" width=\"193\" height=\"39\" \/>\n<\/strong><br>Apple Certified Trainer\n<br><span style=\"line-height: 1.5;\">Apple Certified Technical Coordinator<\/span>\n<br><span style=\"line-height: 1.5;\">Apple Certified Support\u00a0Professional<\/span><\/p>","protected":false},"excerpt":{"rendered":"<p>Support et d\u00e9pannage pour mobiles (aurait pu \u00eatre le titre de cette page, finalement)  Pour techniciens. iPhones et iPads entrent dans votre organisation d\u2019un peu partout et leurs utilisateurs veulent s\u2019en servir pour acc\u00e9der aux ressources du r\u00e9seau.  Voici une journ\u00e9e qui donne au personnel de soutien les connaissances pour installer, supporter et d\u00e9panner les mobiles iOS 7 d\u2019Apple. <a class=\"more-link\" href=\"https:\/\/marioblais.com\/en\/\"><\/a><\/p>\n","protected":false},"author":1,"featured_media":0,"parent":0,"menu_order":0,"comment_status":"closed","ping_status":"open","template":"","meta":{"jetpack_post_was_ever_published":false,"footnotes":""},"class_list":["post-15","page","type-page","status-publish","hentry"],"jetpack_sharing_enabled":true,"jetpack_shortlink":"https:\/\/wp.me\/P5zGRi-f","_links":{"self":[{"href":"https:\/\/marioblais.com\/en\/wp-json\/wp\/v2\/pages\/15","targetHints":{"allow":["GET"]}}],"collection":[{"href":"https:\/\/marioblais.com\/en\/wp-json\/wp\/v2\/pages"}],"about":[{"href":"https:\/\/marioblais.com\/en\/wp-json\/wp\/v2\/types\/page"}],"author":[{"embeddable":true,"href":"https:\/\/marioblais.com\/en\/wp-json\/wp\/v2\/users\/1"}],"replies":[{"embeddable":true,"href":"https:\/\/marioblais.com\/en\/wp-json\/wp\/v2\/comments?post=15"}],"version-history":[{"count":146,"href":"https:\/\/marioblais.com\/en\/wp-json\/wp\/v2\/pages\/15\/revisions"}],"predecessor-version":[{"id":3525,"href":"https:\/\/marioblais.com\/en\/wp-json\/wp\/v2\/pages\/15\/revisions\/3525"}],"wp:attachment":[{"href":"https:\/\/marioblais.com\/en\/wp-json\/wp\/v2\/media?parent=15"}],"curies":[{"name":"wp","href":"https:\/\/api.w.org\/{rel}","templated":true}]}}