{"id":1753,"date":"2016-10-09T10:36:18","date_gmt":"2016-10-09T15:36:18","guid":{"rendered":"https:\/\/marioblais.com\/form\/?page_id=1753"},"modified":"2016-10-21T16:48:19","modified_gmt":"2016-10-21T21:48:19","slug":"congres-apsaq-22-octobre-2016","status":"publish","type":"page","link":"https:\/\/marioblais.com\/en\/congres-apsaq-22-octobre-2016\/","title":{"rendered":"Congr\u00e8s APSAQ &#8211; 22 octobre 2016"},"content":{"rendered":"<p><\/p>\n<h3><span class=\"ez-toc-section\" id=\"Bienvenue_sur_cette_courte_page_web_mise_en_place_specifiquement_pour_votre_30e_congres_de_lAssociation_du_personnel_de_soutien_administratif_du_Quebec_APSAQ_Bravo\"><\/span>Bienvenue sur cette courte page web mise\u00a0en place sp\u00e9cifiquement pour votre\u00a0<span style=\"color: #3366ff;\">30e congr\u00e8s<\/span>\u00a0de l&#8217;Association du personnel de soutien administratif du Qu\u00e9bec (APSAQ)! \u00a0Bravo!<span class=\"ez-toc-section-end\"><\/span><\/h3><div id=\"ez-toc-container\" class=\"ez-toc-v2_0_73 counter-hierarchy ez-toc-counter ez-toc-grey ez-toc-container-direction\">\n<div class=\"ez-toc-title-container\">\n<p class=\"ez-toc-title\" style=\"cursor:inherit\"><\/p>\n<span class=\"ez-toc-title-toggle\"><a href=\"#\" class=\"ez-toc-pull-right ez-toc-btn ez-toc-btn-xs ez-toc-btn-default ez-toc-toggle\" aria-label=\"Toggle Table of Content\"><span class=\"ez-toc-js-icon-con\"><span class=\"\"><span class=\"eztoc-hide\" style=\"display:none;\">Toggle<\/span><span class=\"ez-toc-icon-toggle-span\"><svg style=\"fill: #999;color:#999\" xmlns=\"http:\/\/www.w3.org\/2000\/svg\" class=\"list-377408\" width=\"20px\" height=\"20px\" viewBox=\"0 0 24 24\" fill=\"none\"><path d=\"M6 6H4v2h2V6zm14 0H8v2h12V6zM4 11h2v2H4v-2zm16 0H8v2h12v-2zM4 16h2v2H4v-2zm16 0H8v2h12v-2z\" fill=\"currentColor\"><\/path><\/svg><svg style=\"fill: #999;color:#999\" class=\"arrow-unsorted-368013\" xmlns=\"http:\/\/www.w3.org\/2000\/svg\" width=\"10px\" height=\"10px\" viewBox=\"0 0 24 24\" version=\"1.2\" baseProfile=\"tiny\"><path d=\"M18.2 9.3l-6.2-6.3-6.2 6.3c-.2.2-.3.4-.3.7s.1.5.3.7c.2.2.4.3.7.3h11c.3 0 .5-.1.7-.3.2-.2.3-.5.3-.7s-.1-.5-.3-.7zM5.8 14.7l6.2 6.3 6.2-6.3c.2-.2.3-.5.3-.7s-.1-.5-.3-.7c-.2-.2-.4-.3-.7-.3h-11c-.3 0-.5.1-.7.3-.2.2-.3.5-.3.7s.1.5.3.7z\"\/><\/svg><\/span><\/span><\/span><\/a><\/span><\/div>\n<nav><ul class='ez-toc-list ez-toc-list-level-1 ' ><li class='ez-toc-page-1 ez-toc-heading-level-3'><a class=\"ez-toc-link ez-toc-heading-1\" href=\"https:\/\/marioblais.com\/en\/congres-apsaq-22-octobre-2016\/#Bienvenue_sur_cette_courte_page_web_mise_en_place_specifiquement_pour_votre_30e_congres_de_lAssociation_du_personnel_de_soutien_administratif_du_Quebec_APSAQ_Bravo\" title=\"Bienvenue sur cette courte page web mise\u00a0en place sp\u00e9cifiquement pour votre\u00a030e congr\u00e8s\u00a0de l&#8217;Association du personnel de soutien administratif du Qu\u00e9bec (APSAQ)! \u00a0Bravo!\">Bienvenue sur cette courte page web mise\u00a0en place sp\u00e9cifiquement pour votre\u00a030e congr\u00e8s\u00a0de l&#8217;Association du personnel de soutien administratif du Qu\u00e9bec (APSAQ)! \u00a0Bravo!<\/a><\/li><li class='ez-toc-page-1 ez-toc-heading-level-3'><a class=\"ez-toc-link ez-toc-heading-2\" href=\"https:\/\/marioblais.com\/en\/congres-apsaq-22-octobre-2016\/#Pour_vous_rogatons_et_rabiots_de_ma_presentation_sur_mobiles_Apple\" title=\"Pour vous :\u00a0rogatons et rabiots de\u00a0ma pr\u00e9sentation sur\u00a0mobiles Apple.\">Pour vous :\u00a0rogatons et rabiots de\u00a0ma pr\u00e9sentation sur\u00a0mobiles Apple.<\/a><\/li><li class='ez-toc-page-1 ez-toc-heading-level-3'><a class=\"ez-toc-link ez-toc-heading-3\" href=\"https:\/\/marioblais.com\/en\/congres-apsaq-22-octobre-2016\/#Depannage\" title=\"D\u00e9pannage\">D\u00e9pannage<\/a><\/li><\/ul><\/nav><\/div>\n\n<p><img loading=\"lazy\" decoding=\"async\" class=\"aligncenter wp-image-1754 size-full\" src=\"https:\/\/marioblais.com\/form\/wp-content\/uploads\/2016\/10\/APSAQ_Congres-2016_TEASER_400X200-1.jpg\" alt=\"apsaq_congres-2016_teaser_400x200-1\" width=\"391\" height=\"195\" srcset=\"https:\/\/marioblais.com\/form\/wp-content\/uploads\/2016\/10\/APSAQ_Congres-2016_TEASER_400X200-1.jpg 391w, https:\/\/marioblais.com\/form\/wp-content\/uploads\/2016\/10\/APSAQ_Congres-2016_TEASER_400X200-1-300x150.jpg 300w\" sizes=\"auto, (max-width: 391px) 100vw, 391px\" \/><\/p>\n<h3><span class=\"ez-toc-section\" id=\"Pour_vous_rogatons_et_rabiots_de_ma_presentation_sur_mobiles_Apple\"><\/span>Pour vous :\u00a0rogatons et rabiots de\u00a0ma pr\u00e9sentation sur\u00a0mobiles Apple.<span class=\"ez-toc-section-end\"><\/span><\/h3>\n<p><a href=\"http:\/\/typewriterdatabase.com\" target=\"_blank\">Base de donn\u00e9es des dactylos<\/a>\u00a0(848 fabriquants)<\/p>\n<p><a href=\"http:\/\/help.apple.com\/ipad\/9\/?lang=fr#\/iPad997d9642\" target=\"_blank\">Dict\u00e9e sur iPad<\/a>\u00a0(et\u00a0<a href=\"http:\/\/help.apple.com\/iphone\/9\/?lang=fr#\/iph2c0651d2\" target=\"_blank\">sur iPhone<\/a>)<br \/>\n+ symboles et\u00a0<a href=\"https:\/\/slice42.com\/iphone\/2015\/09\/en-pratique-les-secrets-de-la-dictee-vocale-ios-9-16735\/\" target=\"_blank\">ponctuations pronon\u00e7ables<\/a><\/p>\n<p><a href=\"https:\/\/marioblais.com\/form\/wp-content\/uploads\/2016\/10\/APSAQ-MobilesApple.pdf\" target=\"_blank\" rel=\"\">Pr\u00e9sentation \u00e0 t\u00e9l\u00e9charger<\/a>\u00a0(PDF)<\/p>\n<p><a href=\"http:\/\/www.lesaffaires.com\/strategie-d-entreprise\/management\/les-employes-veulent-avoir-le-choix\/590461\" target=\"_blank\">Les employ\u00e9s veulent avoir le choix<\/a>\u00a0(Les Affaires, utiliser le &#8220;lecteur&#8221;)<\/p>\n<p><a href=\"https:\/\/support.apple.com\/fr-fr\/HT204681\">Handoff et Continuit\u00e9<\/a><\/p>\n<p><a href=\"https:\/\/support.apple.com\/fr-fr\/HT204144\">AirDrop<\/a><\/p>\n<p><a href=\"https:\/\/support.apple.com\/fr-fr\/HT204291\">AirPlay<\/a><\/p>\n<p><a href=\"https:\/\/marioblais.com\/utaquiz\/\" target=\"_blank\">Quiz pour tester\u00a0vos connaissances<\/a>\u00a0sur iPad (et iPhone)<\/p>\n<p>Auto-promotion : Mes ateliers iPad pour\u00a0<a href=\"https:\/\/marioblais.com\/form\/?page_id=25\">l&#8217;organisation<\/a>&#8230; et\u00a0<a href=\"https:\/\/marioblais.com\/form\/?page_id=673\">retrait\u00e9s via l&#8217;UTA<\/a><\/p>\n<p>Combien de fois\u00a0le mot\u00a0<span style=\"color: #3366ff;\"><strong>iPhone<\/strong><\/span>\u00a0appara\u00eet-il sur cette page?<\/p>\n<p>Vous \u00eates pass\u00e9 \u00e0 iOS 10?\u00a0<a href=\"http:\/\/www.01net.com\/actualites\/ios-10-les-10-nouveautes-qui-vous-donneront-envie-de-mettre-a-jour-votre-iphone-1036997.html\" target=\"_blank\">Visitez le site\u00a001Net<\/a>\u00a0pour\u00a0les nouveaut\u00e9s<\/p>\n<h3><span class=\"ez-toc-section\" id=\"Depannage\"><\/span><span style=\"color: #ff0000;\">D\u00e9pannage<\/span><span class=\"ez-toc-section-end\"><\/span><\/h3>\n<ol>\n<li>Quitter l&#8217;app \/ relancer l&#8217;app<\/li>\n<li>Se d\u00e9connecter \/ reconnecter le compte (iBooks, iTunes, autres services&#8230;\n<ol>\n<li>Probl\u00e8me WiFi? \u00a0Oublier ce\u00a0r\u00e9seau&#8230; puis se reconnecter<\/li>\n<\/ol>\n<\/li>\n<li>\u00c9teindre \/ red\u00e9marrer le mobile<\/li>\n<li>Forcer-quitter l&#8217;app<\/li>\n<li>Supprimer l&#8217;app \/ r\u00e9installer l&#8217;app<\/li>\n<li>Restaurer le mobile (iPhone, iPad, iPod) \u00e0 partir d&#8217;une copie de s\u00e9curit\u00e9 iTunes sur votre ordi PC\/Mac, ou de iCloud<\/li>\n<\/ol>\n<p>(j&#8217;esp\u00e8re que cette page affiche bien sur un iPhone)<br \/>\n<br><strong><a title=\"Envoyer un courriel\" href=\"mailto:marioblais@me.com?subject=Formations macOS et iOS - plus d'infos SVP\">Mario Blais<\/a><img loading=\"lazy\" decoding=\"async\" class=\"alignright wp-image-51\" src=\"https:\/\/marioblais.com\/form\/wp-content\/uploads\/2014\/12\/Cert_Trainer_Blk_1ln.png\" alt=\"Cert_Trainer_Blk_1ln\" width=\"193\" height=\"39\" \/>\n<\/strong><br>Apple Certified Trainer\n<br><span style=\"line-height: 1.0;\">Apple Certified Technical Coordinator<\/span>\n<br><span style=\"line-height: 1.0;\">Apple Certified Support\u00a0Professional<\/span><\/p>","protected":false},"excerpt":{"rendered":"<p>Bienvenue sur cette courte page web mise\u00a0en place sp\u00e9cifiquement pour votre\u00a030e congr\u00e8s\u00a0de l&#8217;Association du personnel de soutien administratif du Qu\u00e9bec (APSAQ)! \u00a0Bravo! Pour vous :\u00a0rogatons et rabiots de\u00a0ma pr\u00e9sentation sur\u00a0mobiles <a class=\"more-link\" href=\"https:\/\/marioblais.com\/en\/congres-apsaq-22-octobre-2016\/\"><\/a><\/p>\n","protected":false},"author":1,"featured_media":0,"parent":0,"menu_order":0,"comment_status":"closed","ping_status":"closed","template":"","meta":{"jetpack_post_was_ever_published":false,"footnotes":""},"class_list":["post-1753","page","type-page","status-publish","hentry"],"jetpack_sharing_enabled":true,"jetpack_shortlink":"https:\/\/wp.me\/P5zGRi-sh","_links":{"self":[{"href":"https:\/\/marioblais.com\/en\/wp-json\/wp\/v2\/pages\/1753","targetHints":{"allow":["GET"]}}],"collection":[{"href":"https:\/\/marioblais.com\/en\/wp-json\/wp\/v2\/pages"}],"about":[{"href":"https:\/\/marioblais.com\/en\/wp-json\/wp\/v2\/types\/page"}],"author":[{"embeddable":true,"href":"https:\/\/marioblais.com\/en\/wp-json\/wp\/v2\/users\/1"}],"replies":[{"embeddable":true,"href":"https:\/\/marioblais.com\/en\/wp-json\/wp\/v2\/comments?post=1753"}],"version-history":[{"count":47,"href":"https:\/\/marioblais.com\/en\/wp-json\/wp\/v2\/pages\/1753\/revisions"}],"predecessor-version":[{"id":1849,"href":"https:\/\/marioblais.com\/en\/wp-json\/wp\/v2\/pages\/1753\/revisions\/1849"}],"wp:attachment":[{"href":"https:\/\/marioblais.com\/en\/wp-json\/wp\/v2\/media?parent=1753"}],"curies":[{"name":"wp","href":"https:\/\/api.w.org\/{rel}","templated":true}]}}