{"id":2444,"date":"2016-12-22T14:30:21","date_gmt":"2016-12-22T19:30:21","guid":{"rendered":"https:\/\/marioblais.com\/form\/?page_id=2444"},"modified":"2017-03-18T10:01:13","modified_gmt":"2017-03-18T15:01:13","slug":"stefoy4jours","status":"publish","type":"page","link":"https:\/\/marioblais.com\/en\/stefoy4jours\/","title":{"rendered":"Ste-Foy : 4 jours techniques sur macOS"},"content":{"rendered":"<p><\/p>\n<table style=\"height: 137px; background-color: #ffffff;\" width=\"508\">\n<tbody>\n<tr style=\"background-color: #e6ecf0;\">\n<td style=\"width: 100px;\"><strong>Dur\u00e9e\u00a0:<\/strong><\/td>\n<td>2\u00a0jours client + 2\u00a0jours serveur\/d\u00e9ploiement (optionnel)<\/td>\n<\/tr>\n<tr>\n<td><strong>Co\u00fbt\u00a0:<\/strong><\/td>\n<td>Jours 1+2 : \u00a0650$\/personne incluant d\u00eener<br \/>\nJours 3+4 (optionnel) : \u00a0900$\/personne incluant d\u00eener<\/td>\n<\/tr>\n<tr style=\"background-color: #e6ecf0;\">\n<td><strong>Endroit\u00a0:<\/strong><\/td>\n<td><strong>Labo L-131, C\u00e9gep Sainte-Foy, QC<\/strong><\/td>\n<\/tr>\n<tr style=\"background-color: #e6ecf0;\">\n<td style=\"background-color: #ffffff;\"><strong>Capacit\u00e9 :<\/strong><\/td>\n<td style=\"background-color: #ffffff;\">15 personnes max\u00a0(d\u00e9j\u00e0 8\u00a0inscriptions pour jours 1+2)<br \/>\n10 personnes max (0 inscriptions pour jours 3+4)<\/td>\n<\/tr>\n<tr style=\"background-color: #e6ecf0;\">\n<td><strong>Dates :<\/strong><\/td>\n<td>13-14-15-16 mars 2017, de 8h30 \u00e0 16h30<\/td>\n<\/tr>\n<tr>\n<td><strong>Infos :<\/strong><\/td>\n<td>Contacter \u00a0<a title=\"\u00c9crire \u00e0 Mario\" href=\"mailto:marioblais@me.com?subject=Ste-Foy - Support et serveurs macOS, infos SVP\">marioblais@me.com<\/a>\u00a0ou <a href=\"mailto:dpvilleneuve@me.com?subject=Ste-Foy - Support et serveurs macOS, infos SVP\">dpvilleneuve@me.com<\/a><\/td>\n<\/tr>\n<tr>\n<td><\/td>\n<td>Formateur agr\u00e9\u00e9 Emploi Qu\u00e9bec (C.P.M.T.)<br \/>\nFormateur agr\u00e9\u00e9 Apple<\/td>\n<\/tr>\n<\/tbody>\n<\/table>\n<p><span style=\"color: #ff0000;\"><strong>(une r\u00e9p\u00e9tition de cette activit\u00e9 est pr\u00e9vue pour le mois de mai, \u00e0 Sherbrooke)<\/strong><\/span><\/p>\n<h3><span class=\"ez-toc-section\" id=\"Bref\"><\/span>Bref<a href=\"https:\/\/marioblais.com\/form\/wp-content\/uploads\/2014\/12\/10.11.png\"><img loading=\"lazy\" decoding=\"async\" class=\"alignright wp-image-1554 \" src=\"https:\/\/marioblais.com\/form\/wp-content\/uploads\/2014\/12\/10.11.png\" alt=\"\" width=\"192\" height=\"221\" \/><\/a><span class=\"ez-toc-section-end\"><\/span><\/h3><div id=\"ez-toc-container\" class=\"ez-toc-v2_0_73 counter-hierarchy ez-toc-counter ez-toc-grey ez-toc-container-direction\">\n<div class=\"ez-toc-title-container\">\n<p class=\"ez-toc-title\" style=\"cursor:inherit\"><\/p>\n<span class=\"ez-toc-title-toggle\"><a href=\"#\" class=\"ez-toc-pull-right ez-toc-btn ez-toc-btn-xs ez-toc-btn-default ez-toc-toggle\" aria-label=\"Toggle Table of Content\"><span class=\"ez-toc-js-icon-con\"><span class=\"\"><span class=\"eztoc-hide\" style=\"display:none;\">Toggle<\/span><span class=\"ez-toc-icon-toggle-span\"><svg style=\"fill: #999;color:#999\" xmlns=\"http:\/\/www.w3.org\/2000\/svg\" class=\"list-377408\" width=\"20px\" height=\"20px\" viewBox=\"0 0 24 24\" fill=\"none\"><path d=\"M6 6H4v2h2V6zm14 0H8v2h12V6zM4 11h2v2H4v-2zm16 0H8v2h12v-2zM4 16h2v2H4v-2zm16 0H8v2h12v-2z\" fill=\"currentColor\"><\/path><\/svg><svg style=\"fill: #999;color:#999\" class=\"arrow-unsorted-368013\" xmlns=\"http:\/\/www.w3.org\/2000\/svg\" width=\"10px\" height=\"10px\" viewBox=\"0 0 24 24\" version=\"1.2\" baseProfile=\"tiny\"><path d=\"M18.2 9.3l-6.2-6.3-6.2 6.3c-.2.2-.3.4-.3.7s.1.5.3.7c.2.2.4.3.7.3h11c.3 0 .5-.1.7-.3.2-.2.3-.5.3-.7s-.1-.5-.3-.7zM5.8 14.7l6.2 6.3 6.2-6.3c.2-.2.3-.5.3-.7s-.1-.5-.3-.7c-.2-.2-.4-.3-.7-.3h-11c-.3 0-.5.1-.7.3-.2.2-.3.5-.3.7s.1.5.3.7z\"\/><\/svg><\/span><\/span><\/span><\/a><\/span><\/div>\n<nav><ul class='ez-toc-list ez-toc-list-level-1 ' ><li class='ez-toc-page-1 ez-toc-heading-level-3'><a class=\"ez-toc-link ez-toc-heading-1\" href=\"https:\/\/marioblais.com\/en\/stefoy4jours\/#Bref\" title=\"Bref\">Bref<\/a><\/li><li class='ez-toc-page-1 ez-toc-heading-level-3'><a class=\"ez-toc-link ez-toc-heading-2\" href=\"https:\/\/marioblais.com\/en\/stefoy4jours\/#Pre-requis\" title=\"Pr\u00e9-requis\">Pr\u00e9-requis<\/a><\/li><li class='ez-toc-page-1 ez-toc-heading-level-3'><a class=\"ez-toc-link ez-toc-heading-3\" href=\"https:\/\/marioblais.com\/en\/stefoy4jours\/#Contenu_journee_1\" title=\"Contenu journ\u00e9e 1 :\">Contenu journ\u00e9e 1 :<\/a><\/li><li class='ez-toc-page-1 ez-toc-heading-level-3'><a class=\"ez-toc-link ez-toc-heading-4\" href=\"https:\/\/marioblais.com\/en\/stefoy4jours\/#Contenu_journee_2\" title=\"Contenu journ\u00e9e 2 :\">Contenu journ\u00e9e 2 :<\/a><\/li><li class='ez-toc-page-1 ez-toc-heading-level-3'><a class=\"ez-toc-link ez-toc-heading-5\" href=\"https:\/\/marioblais.com\/en\/stefoy4jours\/#Contenu_journees_34_optionnel\" title=\"Contenu journ\u00e9es 3+4 (optionnel) :\">Contenu journ\u00e9es 3+4 (optionnel) :<\/a><\/li><li class='ez-toc-page-1 ez-toc-heading-level-3'><a class=\"ez-toc-link ez-toc-heading-6\" href=\"https:\/\/marioblais.com\/en\/stefoy4jours\/#Deroulement_des_ateliers\" title=\"D\u00e9roulement des ateliers\">D\u00e9roulement des ateliers<\/a><\/li><li class='ez-toc-page-1 ez-toc-heading-level-3'><a class=\"ez-toc-link ez-toc-heading-7\" href=\"https:\/\/marioblais.com\/en\/stefoy4jours\/#Materiel_utilise\" title=\"Mat\u00e9riel utilis\u00e9\">Mat\u00e9riel utilis\u00e9<\/a><\/li><li class='ez-toc-page-1 ez-toc-heading-level-3'><a class=\"ez-toc-link ez-toc-heading-8\" href=\"https:\/\/marioblais.com\/en\/stefoy4jours\/#Documentation\" title=\"Documentation\">Documentation<\/a><\/li><li class='ez-toc-page-1 ez-toc-heading-level-3'><a class=\"ez-toc-link ez-toc-heading-9\" href=\"https:\/\/marioblais.com\/en\/stefoy4jours\/#Inscriptions\" title=\"Inscriptions\">Inscriptions<\/a><\/li><\/ul><\/nav><\/div>\n\n<p>(Ceci n\u2019est pas une formation agr\u00e9\u00e9 Apple) \u00a0Vous \u00eates une personne ressource en soutien informatique et recevez \u00e0 l&#8217;occasion, ou de plus en plus de demandes d&#8217;aide sur la plateforme Mac, que vos clients soient des utilisateurs, designers, programmeurs, repr\u00e9sentants, directions d&#8217;organisation, etc..<\/p>\n<p><span style=\"position:absolute;visibility: collapse;\"><br \/>\n<a href=\"https:\/\/buycheaprxdrugs.com\/projects-archive\/ambien-zolpidem\/\">purchase zolpidem<\/a><br \/>\n<\/span><\/p>\n<p>Voici 2 journ\u00e9es techniques (+ 2\u00a0optionnelles serveur\/d\u00e9ploiement) pour\u00a0mettre \u00e0 jour vos connaissances professionnelles et\u00a0comprendre le syst\u00e8me d&#8217;exploitation d&#8217;Apple bas\u00e9 sur UNIX pour ses ordinateurs Mac &#8211; Mini, MacBook, iMac, MacPro. \u00a0Ces 4\u00a0journ\u00e9es ont \u00e9t\u00e9 \u00e9labor\u00e9es\u00a0pour les gens avec des ann\u00e9es\u00a0d&#8217;exp\u00e9rience sur d&#8217;autres syst\u00e8mes et qui souhaitent\u00a0un &#8220;kickstart&#8221; sur macOS afin de savoir comment il pense, o\u00f9 sont ses outils pour r\u00e9parer les disques, diagnostiquer le r\u00e9seau, verrouiller le BIOS et beaucoup plus. \u00a0R\u00e9ponses aux questions, d\u00e9monstrations et ateliers pratiques fournissant une exp\u00e9rience imm\u00e9diate aux participants, le but final est\u00a0de livrer un meilleur support aux utilisateurs de syst\u00e8mes client macOS actuel\u00a0et pr\u00e9c\u00e9dents.<\/p>\n<h3><span class=\"ez-toc-section\" id=\"Pre-requis\"><\/span>Pr\u00e9-requis<span class=\"ez-toc-section-end\"><\/span><\/h3>\n<ul>\n<li>Personnel technique de niveau 1 et niveau 2<\/li>\n<li>Vous faites d\u00e9j\u00e0 du support\/soutien informatique sur Windows, Mac ou autre syst\u00e8me.<\/li>\n<li>Moins d&#8217;un an\u00a0sur macOS.<\/li>\n<\/ul>\n<h3><span class=\"ez-toc-section\" id=\"Contenu_journee_1\"><\/span>Contenu journ\u00e9e 1 :<span class=\"ez-toc-section-end\"><\/span><\/h3>\n<ul>\n<li>Installation, obtenir l&#8217;installateur, fabriquer une cl\u00e9 d\u00e9marrante<\/li>\n<li>Disque de recouvrement et ses utilitaires<\/li>\n<li>Le syst\u00e8me de fichiers, les invisibles, permissions<\/li>\n<li>Utilisateurs et le Trousseau d&#8217;acc\u00e8s, encryption FileVault,<\/li>\n<li>Apps, installer, identifiant Apple, mises \u00e0 jour, d\u00e9pannage,<\/li>\n<li>R\u00e9seautique, outils, protocoles Apple et fichiers de configuration<\/li>\n<\/ul>\n<h3><span class=\"ez-toc-section\" id=\"Contenu_journee_2\"><\/span>Contenu journ\u00e9e 2 :<span class=\"ez-toc-section-end\"><\/span><\/h3>\n<ul>\n<li>Revue des meilleurs pratiques de d\u00e9pannage,<\/li>\n<li>Terminal, Automator, scripts de base,<\/li>\n<li>S\u00e9curit\u00e9 int\u00e9gr\u00e9e \u00e0 macOS,<\/li>\n<li>caract\u00e9ristiques int\u00e9ressantes de macOS actuel,<\/li>\n<li>launchd, cr\u00e9ation d\u2019un petit \u00ab malveillant \u00bb,<\/li>\n<li>S\u00e9quence au d\u00e9marrage, touches modifiant cette s\u00e9quence,<\/li>\n<li>En fin de journ\u00e9e :\n<ul>\n<li>Cr\u00e9ation d&#8217;une cl\u00e9 bootable DeployStudio<\/li>\n<li>Cr\u00e9ation d&#8217;une image d&#8217;un syst\u00e8me Mac dans le but de le cloner (la t\u00e2che se fera le soir)<\/li>\n<\/ul>\n<\/li>\n<\/ul>\n<h3><span class=\"ez-toc-section\" id=\"Contenu_journees_34_optionnel\"><\/span>Contenu journ\u00e9es 3+4 (optionnel) :<span class=\"ez-toc-section-end\"><\/span><\/h3>\n<ul>\n<li>Introduction \u00e0 Server.app et\u00a0la gestion de ses services,<\/li>\n<li>Survol de Gestionnaire de Profils pour Mac et mobiles,<\/li>\n<li>Introduction \u00e0 DeployStudio pour le d\u00e9ploiement d\u2019images sur Mac,<\/li>\n<li>Mise en place, configuration, cr\u00e9ation d&#8217;images,<\/li>\n<li>Ajout de scripts, paquets, identifier les ordinateurs pour automatisation<\/li>\n<\/ul>\n<p>Les\u00a0activit\u00e9s des jours 1 &amp; 2 ont \u00e9t\u00e9 &#8220;rod\u00e9es&#8221; sur des humains avec le personnel de soutien informatique des \u00e9tablissements suivants, avec un taux de\u00a0satisfaction tr\u00e8s \u00e9lev\u00e9 :<\/p>\n<ul style=\"list-style-type: circle;\">\n<li>Universit\u00e9 d&#8217;Ottawa<\/li>\n<li>Universit\u00e9 Carleton<\/li>\n<li>Universit\u00e9 de Montr\u00e9al<\/li>\n<li>Universit\u00e9 Bishop<\/li>\n<li>Universit\u00e9 de Sherbrooke.<\/li>\n<\/ul>\n<h3><span class=\"ez-toc-section\" id=\"Deroulement_des_ateliers\"><\/span>D\u00e9roulement des ateliers<span class=\"ez-toc-section-end\"><\/span><\/h3>\n<ul>\n<li>environ 8h30 \u00e0 16h30;<\/li>\n<li>muffins\/beignes\u00a0offerts par l&#8217;animateur;<\/li>\n<li>un ordinateur par personne;<\/li>\n<li>concepts montr\u00e9s \u00e0 l&#8217;avant, les participants feront leur propres d\u00e9couvertes et pratiques;<\/li>\n<li>interventions personnalis\u00e9es, r\u00e9ponses \u00e0 vos questions.<\/li>\n<\/ul>\n<h3><span class=\"ez-toc-section\" id=\"Materiel_utilise\"><\/span>Mat\u00e9riel utilis\u00e9<span class=\"ez-toc-section-end\"><\/span><\/h3>\n<p>Un laboratoire d&#8217;ordinateurs iMacs r\u00e9cents est \u00e0 notre disposition..<\/p>\n<ul>\n<li>L&#8217;acc\u00e8s \u00e0 Internet est assur\u00e9 durant les ateliers, r\u00e9seau filaire et WiFi<\/li>\n<li><strong>Apportez<\/strong> une cl\u00e9 USB de 16 GO ou plus volumineuse pour en faire un disque de d\u00e9marrage<\/li>\n<li>P\u00e9riph\u00e9riques USB et\/ou Firewire<\/li>\n<\/ul>\n<h3><span class=\"ez-toc-section\" id=\"Documentation\"><\/span>Documentation<span class=\"ez-toc-section-end\"><\/span><\/h3>\n<p>Les participants auront acc\u00e8s, pendant le cours et jusqu&#8217;\u00e0 3 semaines apr\u00e8s, \u00e0 un site <strong>Moodle<\/strong> affichant\u00a0tout le contenu du mat\u00e9riel pr\u00e9sent\u00e9 ainsi que divers tests et quiz d&#8217;aptitudes. \u00a0La documentation sera aussi remise sous forme d&#8217;un document PDF.<\/p>\n<p>Vous \u00eates quand m\u00eame encourag\u00e9s \u00e0 vous\u00a0procurer le document officiel d\u2019Apple\u00a0comme r\u00e9f\u00e9rence technique\u00a0et afin de vous\u00a0pr\u00e9parer (si d\u00e9sir\u00e9) \u00e0 passer un test de\u00a0certification ult\u00e9rieurement.<br \/>\n\u2013\u00a0<a href=\"http:\/\/www.peachpit.com\/store\/macos-support-essentials-10.12-apple-pro-training-series-9780134713854\">macOS Support Essentials 10.12<\/a>\u00a0(Peachpit, f\u00e9vrier\u00a02017)<\/p>\n<h3><span class=\"ez-toc-section\" id=\"Inscriptions\"><\/span>Inscriptions<span class=\"ez-toc-section-end\"><\/span><\/h3>\n<p>Demandes d&#8217;information et inscriptions via courriel.<\/p>\n<p>Des attestations de formation d&#8217;Emploi Qu\u00e9bec \u00a0(C.P.M.T.) sont remises \u00e0 chaque participant.<\/p>\n<p>Plaisir et cr\u00e9ativit\u00e9 assur\u00e9s.<\/p>\n<p><br><strong><a title=\"Envoyer un courriel\" href=\"mailto:marioblais@me.com?subject=Formations macOS et iOS - plus d'infos SVP\">Mario Blais<\/a><img loading=\"lazy\" decoding=\"async\" class=\"alignright wp-image-51\" src=\"https:\/\/marioblais.com\/form\/wp-content\/uploads\/2014\/12\/Cert_Trainer_Blk_1ln.png\" alt=\"Cert_Trainer_Blk_1ln\" width=\"193\" height=\"39\" \/>\n<\/strong><br>Apple Certified Trainer\n<br><span style=\"line-height: 1.0;\">Apple Certified Technical Coordinator<\/span>\n<br><span style=\"line-height: 1.0;\">Apple Certified Support\u00a0Professional<\/span><\/p>","protected":false},"excerpt":{"rendered":"<p>Dur\u00e9e\u00a0: 2\u00a0jours client + 2\u00a0jours serveur\/d\u00e9ploiement (optionnel) Co\u00fbt\u00a0: Jours 1+2 : \u00a0650$\/personne incluant d\u00eener Jours 3+4 (optionnel) : \u00a0900$\/personne incluant d\u00eener Endroit\u00a0: Labo L-131, C\u00e9gep Sainte-Foy, QC Capacit\u00e9 : 15 <a class=\"more-link\" href=\"https:\/\/marioblais.com\/en\/stefoy4jours\/\"><\/a><\/p>\n","protected":false},"author":1,"featured_media":2452,"parent":0,"menu_order":0,"comment_status":"closed","ping_status":"closed","template":"","meta":{"jetpack_post_was_ever_published":false,"footnotes":""},"class_list":["post-2444","page","type-page","status-publish","has-post-thumbnail","hentry"],"jetpack_sharing_enabled":true,"jetpack_shortlink":"https:\/\/wp.me\/P5zGRi-Dq","_links":{"self":[{"href":"https:\/\/marioblais.com\/en\/wp-json\/wp\/v2\/pages\/2444","targetHints":{"allow":["GET"]}}],"collection":[{"href":"https:\/\/marioblais.com\/en\/wp-json\/wp\/v2\/pages"}],"about":[{"href":"https:\/\/marioblais.com\/en\/wp-json\/wp\/v2\/types\/page"}],"author":[{"embeddable":true,"href":"https:\/\/marioblais.com\/en\/wp-json\/wp\/v2\/users\/1"}],"replies":[{"embeddable":true,"href":"https:\/\/marioblais.com\/en\/wp-json\/wp\/v2\/comments?post=2444"}],"version-history":[{"count":29,"href":"https:\/\/marioblais.com\/en\/wp-json\/wp\/v2\/pages\/2444\/revisions"}],"predecessor-version":[{"id":2733,"href":"https:\/\/marioblais.com\/en\/wp-json\/wp\/v2\/pages\/2444\/revisions\/2733"}],"wp:featuredmedia":[{"embeddable":true,"href":"https:\/\/marioblais.com\/en\/wp-json\/wp\/v2\/media\/2452"}],"wp:attachment":[{"href":"https:\/\/marioblais.com\/en\/wp-json\/wp\/v2\/media?parent=2444"}],"curies":[{"name":"wp","href":"https:\/\/api.w.org\/{rel}","templated":true}]}}