{"id":25,"date":"2014-12-10T10:44:50","date_gmt":"2014-12-10T15:44:50","guid":{"rendered":"https:\/\/marioblais.com\/form\/?page_id=25"},"modified":"2017-03-18T09:49:22","modified_gmt":"2017-03-18T14:49:22","slug":"ios-ipad-productivite","status":"publish","type":"page","link":"https:\/\/marioblais.com\/en\/ios-ipad-productivite\/","title":{"rendered":"Mobile productivity"},"content":{"rendered":"<p><img loading=\"lazy\" decoding=\"async\" class=\"aligncenter wp-image-26 size-full\" src=\"https:\/\/marioblais.com\/form\/wp-content\/uploads\/2014\/12\/madameipad.png\" alt=\"madameipad\" width=\"577\" height=\"268\" srcset=\"https:\/\/marioblais.com\/form\/wp-content\/uploads\/2014\/12\/madameipad.png 577w, https:\/\/marioblais.com\/form\/wp-content\/uploads\/2014\/12\/madameipad-300x139.png 300w, https:\/\/marioblais.com\/form\/wp-content\/uploads\/2014\/12\/madameipad-314x145.png 314w\" sizes=\"auto, (max-width: 577px) 100vw, 577px\" \/><\/p>\n<p class=\"paragraph_style_6\">\n<table id=\"tablepress-81\" class=\"tablepress tablepress-id-81\">\n<tbody class=\"row-striping\">\n<tr class=\"row-1\">\n\t<td class=\"column-1\"><b>Dates<\/b><\/td><td class=\"column-2\">See <a  href=\"https:\/\/marioblais.com\/calendrier\/\">my public calendar<\/a> for open classes or trainer availability<\/td>\n<\/tr>\n<tr class=\"row-2\">\n\t<td class=\"column-1\"><b>Length<\/b><\/td><td class=\"column-2\">3,5 hours<\/td>\n<\/tr>\n<tr class=\"row-3\">\n\t<td class=\"column-1\"><b>Cost<\/b><\/td><td class=\"column-2\">80 $\/person<\/td>\n<\/tr>\n<tr class=\"row-4\">\n\t<td class=\"column-1\"><b>Where<\/b><\/td><td class=\"column-2\">Onsite, or lab rental at INIS (m\u00e9tro Berri-UQAM)<\/td>\n<\/tr>\n<tr class=\"row-5\">\n\t<td class=\"column-1\"><b>Infos<\/b><\/td><td class=\"column-2\">Contact <a  href=\"mailto:marioblais@me.com\">marioblais@me.com<\/a><\/td>\n<\/tr>\n<tr class=\"row-6\">\n\t<td class=\"column-1\"><\/td><td class=\"column-2\"><i>The cost presumes this activity will be delivered in your organisation with your hardware\/network and a minimum of <b>6 to 8 people<b> participate.<\/i><\/td>\n<\/tr>\n<\/tbody>\n<\/table>\n<\/p>\n<h3 class=\"paragraph_style_6\"><span class=\"ez-toc-section\" id=\"Who_should_attend\"><\/span><span class=\"style_2\">Who should attend<br \/>\n<\/span><span class=\"ez-toc-section-end\"><\/span><\/h3><div id=\"ez-toc-container\" class=\"ez-toc-v2_0_73 counter-hierarchy ez-toc-counter ez-toc-grey ez-toc-container-direction\">\n<div class=\"ez-toc-title-container\">\n<p class=\"ez-toc-title\" style=\"cursor:inherit\"><\/p>\n<span class=\"ez-toc-title-toggle\"><a href=\"#\" class=\"ez-toc-pull-right ez-toc-btn ez-toc-btn-xs ez-toc-btn-default ez-toc-toggle\" aria-label=\"Toggle Table of Content\"><span class=\"ez-toc-js-icon-con\"><span class=\"\"><span class=\"eztoc-hide\" style=\"display:none;\">Toggle<\/span><span class=\"ez-toc-icon-toggle-span\"><svg style=\"fill: #999;color:#999\" xmlns=\"http:\/\/www.w3.org\/2000\/svg\" class=\"list-377408\" width=\"20px\" height=\"20px\" viewBox=\"0 0 24 24\" fill=\"none\"><path d=\"M6 6H4v2h2V6zm14 0H8v2h12V6zM4 11h2v2H4v-2zm16 0H8v2h12v-2zM4 16h2v2H4v-2zm16 0H8v2h12v-2z\" fill=\"currentColor\"><\/path><\/svg><svg style=\"fill: #999;color:#999\" class=\"arrow-unsorted-368013\" xmlns=\"http:\/\/www.w3.org\/2000\/svg\" width=\"10px\" height=\"10px\" viewBox=\"0 0 24 24\" version=\"1.2\" baseProfile=\"tiny\"><path d=\"M18.2 9.3l-6.2-6.3-6.2 6.3c-.2.2-.3.4-.3.7s.1.5.3.7c.2.2.4.3.7.3h11c.3 0 .5-.1.7-.3.2-.2.3-.5.3-.7s-.1-.5-.3-.7zM5.8 14.7l6.2 6.3 6.2-6.3c.2-.2.3-.5.3-.7s-.1-.5-.3-.7c-.2-.2-.4-.3-.7-.3h-11c-.3 0-.5.1-.7.3-.2.2-.3.5-.3.7s.1.5.3.7z\"\/><\/svg><\/span><\/span><\/span><\/a><\/span><\/div>\n<nav><ul class='ez-toc-list ez-toc-list-level-1 ' ><li class='ez-toc-page-1 ez-toc-heading-level-3'><a class=\"ez-toc-link ez-toc-heading-1\" href=\"https:\/\/marioblais.com\/en\/ios-ipad-productivite\/#Who_should_attend\" title=\"Who should attend\">Who should attend<\/a><\/li><li class='ez-toc-page-1 ez-toc-heading-level-3'><a class=\"ez-toc-link ez-toc-heading-2\" href=\"https:\/\/marioblais.com\/en\/ios-ipad-productivite\/#Short\" title=\"Short\">Short<\/a><\/li><li class='ez-toc-page-1 ez-toc-heading-level-3'><a class=\"ez-toc-link ez-toc-heading-3\" href=\"https:\/\/marioblais.com\/en\/ios-ipad-productivite\/#Prerequisite\" title=\"Prerequisite\">Prerequisite<\/a><\/li><li class='ez-toc-page-1 ez-toc-heading-level-3'><a class=\"ez-toc-link ez-toc-heading-4\" href=\"https:\/\/marioblais.com\/en\/ios-ipad-productivite\/#12-day_contents_I_will_customize_for_your_group\" title=\"1\/2-day contents\u00a0(I will customize for your group)\">1\/2-day contents\u00a0(I will customize for your group)<\/a><\/li><li class='ez-toc-page-1 ez-toc-heading-level-3'><a class=\"ez-toc-link ez-toc-heading-5\" href=\"https:\/\/marioblais.com\/en\/ios-ipad-productivite\/#Workshop\" title=\"Workshop\">Workshop<\/a><\/li><li class='ez-toc-page-1 ez-toc-heading-level-3'><a class=\"ez-toc-link ez-toc-heading-6\" href=\"https:\/\/marioblais.com\/en\/ios-ipad-productivite\/#Before_class_please_prepare_the_following\" title=\"Before class, please prepare the following\u00a0:\">Before class, please prepare the following\u00a0:<\/a><\/li><li class='ez-toc-page-1 ez-toc-heading-level-3'><a class=\"ez-toc-link ez-toc-heading-7\" href=\"https:\/\/marioblais.com\/en\/ios-ipad-productivite\/#Documentation\" title=\"Documentation\">Documentation<\/a><\/li><\/ul><\/nav><\/div>\n\n<ul>\n<li>Managers, assistants<\/li>\n<li>Support staff, teachers, administrators<\/li>\n<li>Sales reps, clerks, anyone having to work with mobiles<\/li>\n<\/ul>\n<h3 class=\"paragraph_style_6\"><span class=\"ez-toc-section\" id=\"Short\"><\/span><span class=\"style_2\">Short<\/span><span class=\"ez-toc-section-end\"><\/span><\/h3>\n<p class=\"paragraph_style_6\">Fast-paced\u00a03,5 hour workshop full of demonstrations in front, few slides and much hands-on; you practice what is shown immediately, emphasizing that you do get a chance to ask questions, and are encouraged to share your discoveries with colleagues. \u00a0The goal is to elevate that comfort level in front of this new computer using gestures, manipulating icons, finding hidden features, making it yours.<\/p>\n<h3 class=\"paragraph_style_9\"><span class=\"ez-toc-section\" id=\"Prerequisite\"><\/span>Prerequisite<span class=\"ez-toc-section-end\"><\/span><\/h3>\n<ul>\n<li>You want to learn a different digital tool to work and communicate<\/li>\n<li>You already know how to navigate the Internet with a browser (Mac, PC or mobile)<\/li>\n<li>You can tap, slide, point and pinch with your fingers<\/li>\n<\/ul>\n<h3 class=\"paragraph_style_7\"><span class=\"ez-toc-section\" id=\"12-day_contents_I_will_customize_for_your_group\"><\/span>1\/2-day contents\u00a0(I will customize for your group)<span class=\"ez-toc-section-end\"><\/span><\/h3>\n<ul>\n<li>Pad terminology (ports, hardware, buttons, holes)<\/li>\n<li>Manage settings and customizations<\/li>\n<li>Multilingual keyboards, accents, shortcuts, tips<\/li>\n<li>Use and manage text and images (select, copy, paste, dictionnaries)<\/li>\n<li>Camera\u00a0&#8211;\u00a0some hidden settings<\/li>\n<li>Maps \u2013 how to get there<\/li>\n<li>Safari \u2013 navigation tips, manage bookmarks<\/li>\n<li>Sharing\u00a0files (app, iTunes, AirDrop, email)<\/li>\n<li>Sharing your data plan from your cell (if applicable)<\/li>\n<li>Presenting your iPad on a TV\/projector, wirelessly via AppleTV and AirPlay, or with an HDMI cable<\/li>\n<li>Finding\/getting help<\/li>\n<\/ul>\n<h3><span class=\"ez-toc-section\" id=\"Workshop\"><\/span>Workshop<span class=\"ez-toc-section-end\"><\/span><\/h3>\n<ul>\n<li class=\"full-width\">3\u00a0hours, either 9:00-12:00 or 13:00-16:00<\/li>\n<li class=\"full-width\">Bring your own iPad, updated to iOS 9<\/li>\n<li class=\"full-width\">Internet access has to be supplied in your classroom<\/li>\n<li class=\"full-width\">Concepts and demos in front, practice immediately, Q&amp;A<\/li>\n<li class=\"full-width\">Personalized interventions, answers to your questions<\/li>\n<\/ul>\n<h3><span class=\"ez-toc-section\" id=\"Before_class_please_prepare_the_following\"><\/span>Before class, please prepare the following\u00a0:<span class=\"ez-toc-section-end\"><\/span><\/h3>\n<p>For\u00a0the\u00a0mobiles :<\/p>\n<ul>\n<li>WiFi has to be easily accessible and stable in the classroom<\/li>\n<li>TV1projector with HDMI connexion and AppleTV (I can bring mine)<\/li>\n<li>iPads are up to date with latest system and regular apps<\/li>\n<\/ul>\n<p>For the\u00a0participants :<\/p>\n<ul>\n<li>An\u00a0Apple ID is necessary for each participant that wants to access the App Store<\/li>\n<li>email will already be configured and functional on each iPad<\/li>\n<\/ul>\n<h3 class=\"paragraph_style_9\"><span class=\"ez-toc-section\" id=\"Documentation\"><\/span>Documentation<span class=\"ez-toc-section-end\"><\/span><\/h3>\n<p class=\"paragraph_style_9\">A Quick Reference Guide will be handed to students.<\/p>\n<p>&nbsp;<\/p>\n<p><br><strong><a title=\"Send an email\" href=\"mailto:marioblais@me.com?subject=macOS and iOS workshops - More information please\">Mario Blais<\/a><img loading=\"lazy\" decoding=\"async\" class=\"alignright wp-image-51\" src=\"https:\/\/marioblais.com\/form\/wp-content\/uploads\/2014\/12\/Cert_Trainer_Blk_1ln.png\" alt=\"Cert_Trainer_Blk_1ln\" width=\"193\" height=\"39\" \/>\n<\/strong><br>Apple Certified Trainer\n<br><span style=\"line-height: 1.5;\">Apple Certified Technical Coordinator<\/span>\n<br><span style=\"line-height: 1.5;\">Apple Certified Support\u00a0Professional<\/span><\/p>","protected":false},"excerpt":{"rendered":"<p>iOS 8 &#8212; Autant sur iPhones et iPods que sur iPad, voici enfin une demi-journ\u00e9e pratique sur les \u00e9l\u00e9ments essentiels de productivit\u00e9 que l\u2019on doit conna\u00eetre. Pr\u00e9sentation et pratique des concepts\/astuces n\u00e9cessaires pour augmenter rapidement notre niveau de confort avec les outils et apps mobiles. <a class=\"more-link\" href=\"https:\/\/marioblais.com\/en\/ios-ipad-productivite\/\"><\/a><\/p>\n","protected":false},"author":1,"featured_media":0,"parent":0,"menu_order":0,"comment_status":"closed","ping_status":"open","template":"","meta":{"jetpack_post_was_ever_published":false,"footnotes":""},"class_list":["post-25","page","type-page","status-publish","hentry"],"jetpack_sharing_enabled":true,"jetpack_shortlink":"https:\/\/wp.me\/P5zGRi-p","_links":{"self":[{"href":"https:\/\/marioblais.com\/en\/wp-json\/wp\/v2\/pages\/25","targetHints":{"allow":["GET"]}}],"collection":[{"href":"https:\/\/marioblais.com\/en\/wp-json\/wp\/v2\/pages"}],"about":[{"href":"https:\/\/marioblais.com\/en\/wp-json\/wp\/v2\/types\/page"}],"author":[{"embeddable":true,"href":"https:\/\/marioblais.com\/en\/wp-json\/wp\/v2\/users\/1"}],"replies":[{"embeddable":true,"href":"https:\/\/marioblais.com\/en\/wp-json\/wp\/v2\/comments?post=25"}],"version-history":[{"count":24,"href":"https:\/\/marioblais.com\/en\/wp-json\/wp\/v2\/pages\/25\/revisions"}],"predecessor-version":[{"id":2318,"href":"https:\/\/marioblais.com\/en\/wp-json\/wp\/v2\/pages\/25\/revisions\/2318"}],"wp:attachment":[{"href":"https:\/\/marioblais.com\/en\/wp-json\/wp\/v2\/media?parent=25"}],"curies":[{"name":"wp","href":"https:\/\/api.w.org\/{rel}","templated":true}]}}