{"id":3312,"date":"2021-03-17T10:09:58","date_gmt":"2021-03-17T15:09:58","guid":{"rendered":"https:\/\/marioblais.com\/?page_id=3312"},"modified":"2021-03-17T10:14:20","modified_gmt":"2021-03-17T15:14:20","slug":"quizmacosuser","status":"publish","type":"page","link":"https:\/\/marioblais.com\/en\/quizmacosuser\/","title":{"rendered":"(Fran\u00e7ais) Quiz macOS &#8211; utilisateur"},"content":{"rendered":"<p>\" novalidate>\n\n<div style=\"\" class='grunion-field-name-wrap grunion-field-wrap'  >\n<label\n\t\t\t\tfor='g3312-nom'\n\t\t\t\tclass='grunion-field-label name'>Nom<span class=\"grunion-label-required\" aria-hidden=\"true\">(required)<\/span><\/label>\n<input\n\t\t\t\t\ttype='text'\n\t\t\t\t\tname='g3312-nom'\n\t\t\t\t\tid='g3312-nom'\n\t\t\t\t\tvalue=''\n\t\t\t\t\tclass='name  grunion-field' \n\t\t\t\t\trequired aria-required='true' \/>\n\t<\/div>\n\n<div style=\"\" class='grunion-field-email-wrap grunion-field-wrap'  >\n<label\n\t\t\t\tfor='g3312-email'\n\t\t\t\tclass='grunion-field-label email'>E-mail<span class=\"grunion-label-required\" aria-hidden=\"true\">(required)<\/span><\/label>\n<input\n\t\t\t\t\ttype='email'\n\t\t\t\t\tname='g3312-email'\n\t\t\t\t\tid='g3312-email'\n\t\t\t\t\tvalue=''\n\t\t\t\t\tclass='email  grunion-field' \n\t\t\t\t\trequired aria-required='true' \/>\n\t<\/div>\n\n<div style=\"\" class='grunion-field-url-wrap grunion-field-wrap'  >\n<label\n\t\t\t\tfor='g3312-siteweb'\n\t\t\t\tclass='grunion-field-label url'>Site web<\/label>\n<input\n\t\t\t\t\ttype='text'\n\t\t\t\t\tname='g3312-siteweb'\n\t\t\t\t\tid='g3312-siteweb'\n\t\t\t\t\tvalue=''\n\t\t\t\t\tclass='url  grunion-field' \n\t\t\t\t\ttitle=\"Please enter a valid URL - https:\/\/www.example.com\" oninvalid=\"setCustomValidity(&quot;Please enter a valid URL - https:\/\/www.example.com&quot;)\" oninput=\"setCustomValidity(&quot;&quot;)\" pattern=\"(?:(?:[Hh][Tt][Tt][Pp][Ss]?|[Ff][Tt][Pp]):\\\/\\\/)?(?:\\S+(?::\\S*)?@|\\d{1,3}(?:\\.\\d{1,3}){3}|(?:(?:[a-zA-Z\\d\\u00a1-\\uffff]+-?)*[a-zA-Z\\d\\u00a1-\\uffff]+)(?:\\.(?:[a-zA-Z\\d\\u00a1-\\uffff]+-?)*[a-zA-Z\\d\\u00a1-\\uffff]+)*(?:\\.[a-zA-Z\\u00a1-\\uffff]{2,6}))(?::\\d+)?(?:[^\\s]*)?\" data-type-override=\"url\"  \/>\n\t<\/div>\n\n<div style=\"\" class='grunion-field-textarea-wrap grunion-field-wrap'  >\n<label\n\t\t\t\tfor='contact-form-comment-g3312-message'\n\t\t\t\tclass='grunion-field-label textarea'>Message<\/label>\n<textarea\n\t\t                style=''\n\t\t                name='g3312-message'\n\t\t                id='contact-form-comment-g3312-message'\n\t\t                rows='20' class='textarea  grunion-field'  ><\/textarea>\n\t<\/div>\n\t<p class='contact-submit'>\n\t\t<button type='submit' class='pushbutton-wide'>Submit<\/button>\t\t<input type='hidden' name='contact-form-id' value='3312' \/>\n\t\t<input type='hidden' name='action' value='grunion-contact-form' \/>\n\t\t<input type='hidden' name='contact-form-hash' value='b53947b891668fc3f24b65fc7db23a2987b7bbb3' \/>\n\t<\/p>\n<p style=\"display: none !important;\" class=\"akismet-fields-container\" data-prefix=\"ak_\"><label>&#916;<textarea name=\"ak_hp_textarea\" cols=\"45\" rows=\"8\" maxlength=\"100\"><\/textarea><\/label><input type=\"hidden\" id=\"ak_js_1\" name=\"ak_js\" value=\"216\"\/><script>document.getElementById( \"ak_js_1\" ).setAttribute( \"value\", ( new Date() ).getTime() );<\/script><\/p><\/form>\n<\/div>Voici\u00a0<span style=\"color: #0000ff;\"><strong>15\u00a0questions g\u00e9n\u00e9rales<\/strong><\/span>\u00a0qui permettront de tester vos\u00a0connaissances en tant qu&#8217;utilisateur du syst\u00e8me <span style=\"color: #0000ff;\"><strong>macOS<\/strong><\/span> d&#8217;Apple.\u00a0 Les r\u00e9sultats sont\u00a0confidentiels, z\u00e9ro statistiques ou suivi. \u00a0Ce\u00a0questionnaire changera\u00a0\u00e0 chaque visite, donc revenez essayer\u00a0d&#8217;autres versions ou lancez le d\u00e9fi \u00e0 des coll\u00e8gues au bureau, via Facebook ou Twitter!<\/p>\n<p>Apr\u00e8s avoir obtenu vos r\u00e9sultats (bouton <strong>TERMINER<\/strong>), un formulaire de contact vous permettra de m&#8217;envoyer vos commentaires.<\/p>\n<p>Bonne chance!<\/p>\n<div class = \"hdq_quiz_wrapper\"><a href = \"https:\/\/marioblais.com\/en\/quizmacosuser\/\" rel=\"noamphtml\" class = \"hdq_quiz_start hdq_button button\" role = \"button\">D\u00c9MARRER LE QUESTIONNAIRE<\/a><\/div>\n<p>&nbsp;<\/p>","protected":false},"excerpt":{"rendered":"<p>Voici\u00a015\u00a0questions g\u00e9n\u00e9rales\u00a0qui permettront de tester vos\u00a0connaissances en tant qu&#8217;utilisateur du syst\u00e8me macOS d&#8217;Apple.\u00a0 Les r\u00e9sultats sont\u00a0confidentiels, z\u00e9ro statistiques ou suivi. \u00a0Ce\u00a0questionnaire changera\u00a0\u00e0 chaque visite, donc revenez essayer\u00a0d&#8217;autres versions ou lancez <a class=\"more-link\" href=\"https:\/\/marioblais.com\/en\/quizmacosuser\/\"><\/a><\/p>\n","protected":false},"author":1,"featured_media":0,"parent":0,"menu_order":0,"comment_status":"closed","ping_status":"closed","template":"","meta":{"jetpack_post_was_ever_published":false,"footnotes":""},"class_list":["post-3312","page","type-page","status-publish","hentry"],"jetpack_sharing_enabled":true,"jetpack_shortlink":"https:\/\/wp.me\/P5zGRi-Rq","_links":{"self":[{"href":"https:\/\/marioblais.com\/en\/wp-json\/wp\/v2\/pages\/3312","targetHints":{"allow":["GET"]}}],"collection":[{"href":"https:\/\/marioblais.com\/en\/wp-json\/wp\/v2\/pages"}],"about":[{"href":"https:\/\/marioblais.com\/en\/wp-json\/wp\/v2\/types\/page"}],"author":[{"embeddable":true,"href":"https:\/\/marioblais.com\/en\/wp-json\/wp\/v2\/users\/1"}],"replies":[{"embeddable":true,"href":"https:\/\/marioblais.com\/en\/wp-json\/wp\/v2\/comments?post=3312"}],"version-history":[{"count":4,"href":"https:\/\/marioblais.com\/en\/wp-json\/wp\/v2\/pages\/3312\/revisions"}],"predecessor-version":[{"id":3316,"href":"https:\/\/marioblais.com\/en\/wp-json\/wp\/v2\/pages\/3312\/revisions\/3316"}],"wp:attachment":[{"href":"https:\/\/marioblais.com\/en\/wp-json\/wp\/v2\/media?parent=3312"}],"curies":[{"name":"wp","href":"https:\/\/api.w.org\/{rel}","templated":true}]}}